{"id":8756,"date":"2020-07-17T09:36:57","date_gmt":"2020-07-17T08:36:57","guid":{"rendered":"https:\/\/techfugees.com\/?page_id=8756"},"modified":"2020-07-17T09:42:01","modified_gmt":"2020-07-17T08:42:01","slug":"from-the-community","status":"publish","type":"page","link":"https:\/\/techfugees.com\/fr\/latest-news\/from-the-community\/","title":{"rendered":"Nouvelles de la communaut\u00e9"},"content":{"rendered":"\t\t<div data-elementor-type=\"wp-page\" data-elementor-id=\"8756\" class=\"elementor elementor-8756\">\n\t\t\t\t\t\t<div class=\"elementor-inner\">\n\t\t\t\t<div class=\"elementor-section-wrap\">\n\t\t\t\t\t\t\t\t\t<section class=\"elementor-section elementor-top-section elementor-element elementor-element-420fcdee elementor-section-height-min-height elementor-section-stretched elementor-section-items-top elementor-section-full_width elementor-section-height-default\" data-id=\"420fcdee\" data-element_type=\"section\" data-settings=\"{&quot;background_background&quot;:&quot;classic&quot;,&quot;stretch_section&quot;:&quot;section-stretched&quot;,&quot;shape_divider_bottom&quot;:&quot;arrow&quot;,&quot;_ha_eqh_enable&quot;:false}\">\n\t\t\t\t\t\t\t<div class=\"elementor-background-overlay\"><\/div>\n\t\t\t\t\t\t<div class=\"elementor-shape elementor-shape-bottom\" data-negative=\"false\">\n\t\t\t<svg xmlns=\"http:\/\/www.w3.org\/2000\/svg\" viewBox=\"0 0 700 10\" preserveAspectRatio=\"none\">\n\t<path class=\"elementor-shape-fill\" d=\"M350,10L340,0h20L350,10z\"\/>\n<\/svg>\t\t<\/div>\n\t\t\t\t\t<div class=\"elementor-container elementor-column-gap-no\">\n\t\t\t\t\t\t\t<div class=\"elementor-row\">\n\t\t\t\t\t<div class=\"elementor-column elementor-col-100 elementor-top-column elementor-element elementor-element-4be2bc3b\" data-id=\"4be2bc3b\" data-element_type=\"column\">\n\t\t\t<div class=\"elementor-column-wrap elementor-element-populated\">\n\t\t\t\t\t\t\t<div class=\"elementor-widget-wrap\">\n\t\t\t\t\t\t<div class=\"elementor-element elementor-element-6f8e2027 elementor-widget elementor-widget-heading\" data-id=\"6f8e2027\" data-element_type=\"widget\" data-widget_type=\"heading.default\">\n\t\t\t\t<div class=\"elementor-widget-container\">\n\t\t\t<h2 class=\"elementor-heading-title elementor-size-default\">FROM THE TECHFUGEES COMMUNITY WORLDWIDE<\/h2>\t\t<\/div>\n\t\t\t\t<\/div>\n\t\t\t\t\t\t<\/div>\n\t\t\t\t\t<\/div>\n\t\t<\/div>\n\t\t\t\t\t\t\t\t<\/div>\n\t\t\t\t\t<\/div>\n\t\t<\/section>\n\t\t\t\t<section class=\"elementor-section elementor-top-section elementor-element elementor-element-484a8dc elementor-section-boxed elementor-section-height-default elementor-section-height-default\" data-id=\"484a8dc\" data-element_type=\"section\" data-settings=\"{&quot;_ha_eqh_enable&quot;:false}\">\n\t\t\t\t\t\t<div class=\"elementor-container elementor-column-gap-default\">\n\t\t\t\t\t\t\t<div class=\"elementor-row\">\n\t\t\t\t\t<div class=\"elementor-column elementor-col-100 elementor-top-column elementor-element elementor-element-b4c680e\" data-id=\"b4c680e\" data-element_type=\"column\">\n\t\t\t<div class=\"elementor-column-wrap elementor-element-populated\">\n\t\t\t\t\t\t\t<div class=\"elementor-widget-wrap\">\n\t\t\t\t\t\t<div class=\"elementor-element elementor-element-b35ca69 elementor-grid-3 elementor-grid-tablet-2 elementor-grid-mobile-1 elementor-posts--thumbnail-top elementor-posts--show-avatar elementor-card-shadow-yes elementor-posts__hover-gradient elementor-widget elementor-widget-posts\" data-id=\"b35ca69\" data-element_type=\"widget\" data-settings=\"{&quot;pagination_type&quot;:&quot;numbers_and_prev_next&quot;,&quot;cards_columns&quot;:&quot;3&quot;,&quot;cards_columns_tablet&quot;:&quot;2&quot;,&quot;cards_columns_mobile&quot;:&quot;1&quot;,&quot;cards_row_gap&quot;:{&quot;unit&quot;:&quot;px&quot;,&quot;size&quot;:35,&quot;sizes&quot;:[]},&quot;cards_row_gap_tablet&quot;:{&quot;unit&quot;:&quot;px&quot;,&quot;size&quot;:&quot;&quot;,&quot;sizes&quot;:[]},&quot;cards_row_gap_mobile&quot;:{&quot;unit&quot;:&quot;px&quot;,&quot;size&quot;:&quot;&quot;,&quot;sizes&quot;:[]}}\" data-widget_type=\"posts.cards\">\n\t\t\t\t<div class=\"elementor-widget-container\">\n\t\t\t\t\t<div class=\"elementor-posts-container elementor-posts elementor-posts--skin-cards elementor-grid\">\n\t\t\t\t<article class=\"elementor-post elementor-grid-item post-10415 post type-post status-publish format-standard has-post-thumbnail hentry category-all_news category-community category-get-involved tag-chapters-2 tag-connectivity tag-france tag-housing-centers tag-internet tag-refugees\">\n\t\t\t<div class=\"elementor-post__card\">\n\t\t\t\t<a class=\"elementor-post__thumbnail__link\" href=\"https:\/\/techfugees.com\/fr\/get-involved\/enabling-free-access-to-information-for-displaced-communities-in-france\/\" ><div class=\"elementor-post__thumbnail\"><img width=\"234\" height=\"300\" src=\"https:\/\/techfugees.com\/wp-content\/uploads\/2021\/01\/Capture-d\u2019e\u0301cran-2021-01-28-a\u0300-15.00.01-234x300.png\" class=\"attachment-medium size-medium wp-image-10417\" alt=\"\" decoding=\"async\" loading=\"lazy\" srcset=\"https:\/\/techfugees.com\/wp-content\/uploads\/2021\/01\/Capture-d\u2019e\u0301cran-2021-01-28-a\u0300-15.00.01-234x300.png 234w, https:\/\/techfugees.com\/wp-content\/uploads\/2021\/01\/Capture-d\u2019e\u0301cran-2021-01-28-a\u0300-15.00.01.png 335w\" sizes=\"(max-width: 234px) 100vw, 234px\" \/><\/div><\/a>\n\t\t\t\t<div class=\"elementor-post__badge\">Toutes les actualit\u00e9s<\/div>\n\t\t\t\t<div class=\"elementor-post__avatar\">\n\t\t\t<img alt='Louise Brosset' src='https:\/\/secure.gravatar.com\/avatar\/243a2a94028284bc7b0268838832d05c?s=128&#038;d=mm&#038;r=g' srcset='https:\/\/secure.gravatar.com\/avatar\/243a2a94028284bc7b0268838832d05c?s=256&#038;d=mm&#038;r=g 2x' class='avatar avatar-128 photo' height='128' width='128' loading='lazy' decoding='async'\/>\t\t<\/div>\n\t\t\t\t<div class=\"elementor-post__text\">\n\t\t\t\t<h3 class=\"elementor-post__title\">\n\t\t\t<a href=\"https:\/\/techfugees.com\/fr\/get-involved\/enabling-free-access-to-information-for-displaced-communities-in-france\/\" >\n\t\t\t\t&#x1f1eb;&#x1f1f7; Rendre possible l&#8217;acc\u00e8s \u00e0 internet aux personnes d\u00e9plac\u00e9es en France\t\t\t<\/a>\n\t\t<\/h3>\n\t\t\t\t<div class=\"elementor-post__excerpt\">\n\t\t\t<p>Une initiative de Techfugees France Acc\u00e9der \u00e0 des quantit\u00e9s d&#8217;informations en quelques clics sur un t\u00e9l\u00e9phone portable est aujourd&#8217;hui si [&#8230;]<\/p>\n<p><a class=\"btn btn-secondary understrap-read-more-link\" href=\"https:\/\/techfugees.com\/fr\/get-involved\/enabling-free-access-to-information-for-displaced-communities-in-france\/\">Lire la suite\u2026<span class=\"screen-reader-text\"> from &#x1f1eb;&#x1f1f7; Rendre possible l&#8217;acc\u00e8s \u00e0 internet aux personnes d\u00e9plac\u00e9es en France<\/span><\/a><\/p>\n\t\t<\/div>\n\t\t\n\t\t<a class=\"elementor-post__read-more\" href=\"https:\/\/techfugees.com\/fr\/get-involved\/enabling-free-access-to-information-for-displaced-communities-in-france\/\" aria-label=\"Read more about &#x1f1eb;&#x1f1f7; Rendre possible l&#8217;acc\u00e8s \u00e0 internet aux personnes d\u00e9plac\u00e9es en France\" >\n\t\t\tRead More \u00bb\t\t<\/a>\n\n\t\t\t\t<\/div>\n\t\t\t\t<div class=\"elementor-post__meta-data\">\n\t\t\t\t\t<span class=\"elementor-post-date\">\n\t\t\tjeudi 28 janvier 2021\t\t<\/span>\n\t\t\t\t<span class=\"elementor-post-avatar\">\n\t\t\tAucun commentaire\t\t<\/span>\n\t\t\t\t<\/div>\n\t\t\t\t\t<\/div>\n\t\t<\/article>\n\t\t\t\t<article class=\"elementor-post elementor-grid-item post-10174 post type-post status-publish format-standard has-post-thumbnail hentry category-all_news category-community category-get-involved tag-blog tag-chapter tag-tech\">\n\t\t\t<div class=\"elementor-post__card\">\n\t\t\t\t<a class=\"elementor-post__thumbnail__link\" href=\"https:\/\/techfugees.com\/fr\/get-involved\/a-brief-view-into-techfugees-community\/\" ><div class=\"elementor-post__thumbnail\"><img width=\"278\" height=\"250\" src=\"https:\/\/techfugees.com\/wp-content\/uploads\/2020\/12\/1.png\" class=\"attachment-medium size-medium wp-image-10175\" alt=\"\" decoding=\"async\" loading=\"lazy\" \/><\/div><\/a>\n\t\t\t\t<div class=\"elementor-post__badge\">Toutes les actualit\u00e9s<\/div>\n\t\t\t\t<div class=\"elementor-post__avatar\">\n\t\t\t<img alt='laura Braune' src='https:\/\/secure.gravatar.com\/avatar\/f2e735ca0c05a218560af5c9cb18ec04?s=128&#038;d=mm&#038;r=g' srcset='https:\/\/secure.gravatar.com\/avatar\/f2e735ca0c05a218560af5c9cb18ec04?s=256&#038;d=mm&#038;r=g 2x' class='avatar avatar-128 photo' height='128' width='128' loading='lazy' decoding='async'\/>\t\t<\/div>\n\t\t\t\t<div class=\"elementor-post__text\">\n\t\t\t\t<h3 class=\"elementor-post__title\">\n\t\t\t<a href=\"https:\/\/techfugees.com\/fr\/get-involved\/a-brief-view-into-techfugees-community\/\" >\n\t\t\t\tQu&#8217;est ce qu&#8217;on entends par &#8220;communaut\u00e9&#8221; Techfugees ?\t\t\t<\/a>\n\t\t<\/h3>\n\t\t\t\t<div class=\"elementor-post__excerpt\">\n\t\t\t<p>An Article by Louise Brosset, Community Coordinator at Techfugees &#8211; In our blog posts or during international conferences and interviews, [&#8230;]<\/p>\n<p><a class=\"btn btn-secondary understrap-read-more-link\" href=\"https:\/\/techfugees.com\/fr\/get-involved\/a-brief-view-into-techfugees-community\/\">Lire la suite\u2026<span class=\"screen-reader-text\"> from Qu&#8217;est ce qu&#8217;on entends par &#8220;communaut\u00e9&#8221; Techfugees ?<\/span><\/a><\/p>\n\t\t<\/div>\n\t\t\n\t\t<a class=\"elementor-post__read-more\" href=\"https:\/\/techfugees.com\/fr\/get-involved\/a-brief-view-into-techfugees-community\/\" aria-label=\"Read more about Qu&#8217;est ce qu&#8217;on entends par &#8220;communaut\u00e9&#8221; Techfugees ?\" >\n\t\t\tRead More \u00bb\t\t<\/a>\n\n\t\t\t\t<\/div>\n\t\t\t\t<div class=\"elementor-post__meta-data\">\n\t\t\t\t\t<span class=\"elementor-post-date\">\n\t\t\tvendredi 11 d\u00e9cembre 2020\t\t<\/span>\n\t\t\t\t<span class=\"elementor-post-avatar\">\n\t\t\tAucun commentaire\t\t<\/span>\n\t\t\t\t<\/div>\n\t\t\t\t\t<\/div>\n\t\t<\/article>\n\t\t\t\t<article class=\"elementor-post elementor-grid-item post-6036 post type-post status-publish format-standard has-post-thumbnail hentry category-community category-womenfellowship\">\n\t\t\t<div class=\"elementor-post__card\">\n\t\t\t\t<a class=\"elementor-post__thumbnail__link\" href=\"https:\/\/techfugees.com\/fr\/womenfellowship\/tf4women-fellowship-programme-2019-impact-report-executive-summary\/\" ><div class=\"elementor-post__thumbnail\"><img width=\"300\" height=\"252\" src=\"https:\/\/techfugees.com\/wp-content\/uploads\/2020\/03\/TF4Women-Techfugees-300x252.jpg\" class=\"attachment-medium size-medium wp-image-6047\" alt=\"TF4Women Edition 3\" decoding=\"async\" loading=\"lazy\" srcset=\"https:\/\/techfugees.com\/wp-content\/uploads\/2020\/03\/TF4Women-Techfugees-300x252.jpg 300w, https:\/\/techfugees.com\/wp-content\/uploads\/2020\/03\/TF4Women-Techfugees-1024x859.jpg 1024w, https:\/\/techfugees.com\/wp-content\/uploads\/2020\/03\/TF4Women-Techfugees-768x644.jpg 768w, https:\/\/techfugees.com\/wp-content\/uploads\/2020\/03\/TF4Women-Techfugees.jpg 1168w\" sizes=\"(max-width: 300px) 100vw, 300px\" \/><\/div><\/a>\n\t\t\t\t<div class=\"elementor-post__badge\">#TFChapitres<\/div>\n\t\t\t\t<div class=\"elementor-post__avatar\">\n\t\t\t<img alt='Olesya Matveychuk' src='https:\/\/secure.gravatar.com\/avatar\/6691bd97a1c0b3337bd370c6bc74fc23?s=128&#038;d=mm&#038;r=g' srcset='https:\/\/secure.gravatar.com\/avatar\/6691bd97a1c0b3337bd370c6bc74fc23?s=256&#038;d=mm&#038;r=g 2x' class='avatar avatar-128 photo' height='128' width='128' loading='lazy' decoding='async'\/>\t\t<\/div>\n\t\t\t\t<div class=\"elementor-post__text\">\n\t\t\t\t<h3 class=\"elementor-post__title\">\n\t\t\t<a href=\"https:\/\/techfugees.com\/fr\/womenfellowship\/tf4women-fellowship-programme-2019-impact-report-executive-summary\/\" >\n\t\t\t\t#TF4Women Programme de Fellowship 2019: Rapport d&#8217;Impact\t\t\t<\/a>\n\t\t<\/h3>\n\t\t\t\t<div class=\"elementor-post__excerpt\">\n\t\t\t<p>Techfugees vient de terminer le deuxi\u00e8me \u00e9dition de #TF4Women son programme de Fellowship en D\u00e9cembre 2019. Afin de mesurer l&#8217;efficacit\u00e9 [&#8230;]<\/p>\n<p><a class=\"btn btn-secondary understrap-read-more-link\" href=\"https:\/\/techfugees.com\/fr\/womenfellowship\/tf4women-fellowship-programme-2019-impact-report-executive-summary\/\">Lire la suite\u2026<span class=\"screen-reader-text\"> from #TF4Women Programme de Fellowship 2019: Rapport d&#8217;Impact<\/span><\/a><\/p>\n\t\t<\/div>\n\t\t\n\t\t<a class=\"elementor-post__read-more\" href=\"https:\/\/techfugees.com\/fr\/womenfellowship\/tf4women-fellowship-programme-2019-impact-report-executive-summary\/\" aria-label=\"Read more about #TF4Women Programme de Fellowship 2019: Rapport d&#8217;Impact\" >\n\t\t\tRead More \u00bb\t\t<\/a>\n\n\t\t\t\t<\/div>\n\t\t\t\t<div class=\"elementor-post__meta-data\">\n\t\t\t\t\t<span class=\"elementor-post-date\">\n\t\t\tlundi  2 mars 2020\t\t<\/span>\n\t\t\t\t<span class=\"elementor-post-avatar\">\n\t\t\tAucun commentaire\t\t<\/span>\n\t\t\t\t<\/div>\n\t\t\t\t\t<\/div>\n\t\t<\/article>\n\t\t\t\t<article class=\"elementor-post elementor-grid-item post-5801 post type-post status-publish format-standard has-post-thumbnail hentry category-all_news category-community tag-chapters tag-istanbul tag-launch tag-turkey\">\n\t\t\t<div class=\"elementor-post__card\">\n\t\t\t\t<a class=\"elementor-post__thumbnail__link\" href=\"https:\/\/techfugees.com\/fr\/all_news\/community\/a-new-team-for-techfugees-in-istanbul\/\" ><div class=\"elementor-post__thumbnail\"><img width=\"300\" height=\"157\" src=\"https:\/\/techfugees.com\/wp-content\/uploads\/2020\/02\/88240513_10156555264605146_8760844229904695296_o-300x157.jpg\" class=\"attachment-medium size-medium wp-image-5854\" alt=\"\" decoding=\"async\" loading=\"lazy\" srcset=\"https:\/\/techfugees.com\/wp-content\/uploads\/2020\/02\/88240513_10156555264605146_8760844229904695296_o-300x157.jpg 300w, https:\/\/techfugees.com\/wp-content\/uploads\/2020\/02\/88240513_10156555264605146_8760844229904695296_o-1024x534.jpg 1024w, https:\/\/techfugees.com\/wp-content\/uploads\/2020\/02\/88240513_10156555264605146_8760844229904695296_o-768x401.jpg 768w, https:\/\/techfugees.com\/wp-content\/uploads\/2020\/02\/88240513_10156555264605146_8760844229904695296_o-1536x802.jpg 1536w, https:\/\/techfugees.com\/wp-content\/uploads\/2020\/02\/88240513_10156555264605146_8760844229904695296_o.jpg 1640w\" sizes=\"(max-width: 300px) 100vw, 300px\" \/><\/div><\/a>\n\t\t\t\t<div class=\"elementor-post__badge\">Toutes les actualit\u00e9s<\/div>\n\t\t\t\t<div class=\"elementor-post__avatar\">\n\t\t\t<img alt='Louise Brosset' src='https:\/\/secure.gravatar.com\/avatar\/243a2a94028284bc7b0268838832d05c?s=128&#038;d=mm&#038;r=g' srcset='https:\/\/secure.gravatar.com\/avatar\/243a2a94028284bc7b0268838832d05c?s=256&#038;d=mm&#038;r=g 2x' class='avatar avatar-128 photo' height='128' width='128' loading='lazy' decoding='async'\/>\t\t<\/div>\n\t\t\t\t<div class=\"elementor-post__text\">\n\t\t\t\t<h3 class=\"elementor-post__title\">\n\t\t\t<a href=\"https:\/\/techfugees.com\/fr\/all_news\/community\/a-new-team-for-techfugees-in-istanbul\/\" >\n\t\t\t\t&#x1f1f9;&#x1f1f7; Une nouvelle \u00e9quipe pour Techfugees \u00e0 Istanbul !\t\t\t<\/a>\n\t\t<\/h3>\n\t\t\t\t<div class=\"elementor-post__excerpt\">\n\t\t\t<p>&nbsp; Nous sommes de retour \u00e0 Istanbul, avec une super nouvelle \u00e9quipe qui agrandit la famille ! Avec environ 4 [&#8230;]<\/p>\n<p><a class=\"btn btn-secondary understrap-read-more-link\" href=\"https:\/\/techfugees.com\/fr\/all_news\/community\/a-new-team-for-techfugees-in-istanbul\/\">Lire la suite\u2026<span class=\"screen-reader-text\"> from &#x1f1f9;&#x1f1f7; Une nouvelle \u00e9quipe pour Techfugees \u00e0 Istanbul !<\/span><\/a><\/p>\n\t\t<\/div>\n\t\t\n\t\t<a class=\"elementor-post__read-more\" href=\"https:\/\/techfugees.com\/fr\/all_news\/community\/a-new-team-for-techfugees-in-istanbul\/\" aria-label=\"Read more about &#x1f1f9;&#x1f1f7; Une nouvelle \u00e9quipe pour Techfugees \u00e0 Istanbul !\" >\n\t\t\tRead More \u00bb\t\t<\/a>\n\n\t\t\t\t<\/div>\n\t\t\t\t<div class=\"elementor-post__meta-data\">\n\t\t\t\t\t<span class=\"elementor-post-date\">\n\t\t\tmercredi 26 f\u00e9vrier 2020\t\t<\/span>\n\t\t\t\t<span class=\"elementor-post-avatar\">\n\t\t\tAucun commentaire\t\t<\/span>\n\t\t\t\t<\/div>\n\t\t\t\t\t<\/div>\n\t\t<\/article>\n\t\t\t\t<article class=\"elementor-post elementor-grid-item post-5318 post type-post status-publish format-standard has-post-thumbnail hentry category-events category-community\">\n\t\t\t<div class=\"elementor-post__card\">\n\t\t\t\t<a class=\"elementor-post__thumbnail__link\" href=\"https:\/\/techfugees.com\/fr\/events\/techfugees-2020-hackathons-events\/\" ><div class=\"elementor-post__thumbnail\"><img width=\"300\" height=\"200\" src=\"https:\/\/techfugees.com\/wp-content\/uploads\/2020\/01\/IMG_6340-1-300x200.jpeg\" class=\"attachment-medium size-medium wp-image-5322\" alt=\"\" decoding=\"async\" loading=\"lazy\" srcset=\"https:\/\/techfugees.com\/wp-content\/uploads\/2020\/01\/IMG_6340-1-300x200.jpeg 300w, https:\/\/techfugees.com\/wp-content\/uploads\/2020\/01\/IMG_6340-1-1024x683.jpeg 1024w, https:\/\/techfugees.com\/wp-content\/uploads\/2020\/01\/IMG_6340-1-768x512.jpeg 768w, https:\/\/techfugees.com\/wp-content\/uploads\/2020\/01\/IMG_6340-1-1536x1024.jpeg 1536w, https:\/\/techfugees.com\/wp-content\/uploads\/2020\/01\/IMG_6340-1-2048x1365.jpeg 2048w\" sizes=\"(max-width: 300px) 100vw, 300px\" \/><\/div><\/a>\n\t\t\t\t<div class=\"elementor-post__badge\">Agenda<\/div>\n\t\t\t\t<div class=\"elementor-post__avatar\">\n\t\t\t<img alt='Louise Brosset' src='https:\/\/secure.gravatar.com\/avatar\/243a2a94028284bc7b0268838832d05c?s=128&#038;d=mm&#038;r=g' srcset='https:\/\/secure.gravatar.com\/avatar\/243a2a94028284bc7b0268838832d05c?s=256&#038;d=mm&#038;r=g 2x' class='avatar avatar-128 photo' height='128' width='128' loading='lazy' decoding='async'\/>\t\t<\/div>\n\t\t\t\t<div class=\"elementor-post__text\">\n\t\t\t\t<h3 class=\"elementor-post__title\">\n\t\t\t<a href=\"https:\/\/techfugees.com\/fr\/events\/techfugees-2020-hackathons-events\/\" >\n\t\t\t\tCalendrier 2020 des \u00e9v\u00e8nements\t\t\t<\/a>\n\t\t<\/h3>\n\t\t\t\t<div class=\"elementor-post__excerpt\">\n\t\t\t<p>Notre communaut\u00e9 de b\u00e9n\u00e9voles d\u00e9vou\u00e9s organise r\u00e9guli\u00e8rement des rencontres, des ateliers et des hackathons r\u00e9unissant des personnes r\u00e9fugi\u00e9s, des acteurs [&#8230;]<\/p>\n<p><a class=\"btn btn-secondary understrap-read-more-link\" href=\"https:\/\/techfugees.com\/fr\/events\/techfugees-2020-hackathons-events\/\">Lire la suite\u2026<span class=\"screen-reader-text\"> from Calendrier 2020 des \u00e9v\u00e8nements<\/span><\/a><\/p>\n\t\t<\/div>\n\t\t\n\t\t<a class=\"elementor-post__read-more\" href=\"https:\/\/techfugees.com\/fr\/events\/techfugees-2020-hackathons-events\/\" aria-label=\"Read more about Calendrier 2020 des \u00e9v\u00e8nements\" >\n\t\t\tRead More \u00bb\t\t<\/a>\n\n\t\t\t\t<\/div>\n\t\t\t\t<div class=\"elementor-post__meta-data\">\n\t\t\t\t\t<span class=\"elementor-post-date\">\n\t\t\tlundi 27 janvier 2020\t\t<\/span>\n\t\t\t\t<span class=\"elementor-post-avatar\">\n\t\t\tAucun commentaire\t\t<\/span>\n\t\t\t\t<\/div>\n\t\t\t\t\t<\/div>\n\t\t<\/article>\n\t\t\t\t<article class=\"elementor-post elementor-grid-item post-5226 post type-post status-publish format-standard has-post-thumbnail hentry category-all_news category-community category-get-involved tag-chapters-2 tag-education tag-hackathon\">\n\t\t\t<div class=\"elementor-post__card\">\n\t\t\t\t<a class=\"elementor-post__thumbnail__link\" href=\"https:\/\/techfugees.com\/fr\/get-involved\/about-techfugees-france-serious-games-for-refugees-hackathon\/\" ><div class=\"elementor-post__thumbnail\"><img width=\"300\" height=\"150\" src=\"https:\/\/techfugees.com\/wp-content\/uploads\/2019\/12\/https___cdn.evbuc_.com_images_81999209_83460108643_1_original-300x150.jpeg\" class=\"attachment-medium size-medium wp-image-5230\" alt=\"\" decoding=\"async\" loading=\"lazy\" srcset=\"https:\/\/techfugees.com\/wp-content\/uploads\/2019\/12\/https___cdn.evbuc_.com_images_81999209_83460108643_1_original-300x150.jpeg 300w, https:\/\/techfugees.com\/wp-content\/uploads\/2019\/12\/https___cdn.evbuc_.com_images_81999209_83460108643_1_original-768x384.jpeg 768w, https:\/\/techfugees.com\/wp-content\/uploads\/2019\/12\/https___cdn.evbuc_.com_images_81999209_83460108643_1_original.jpeg 800w\" sizes=\"(max-width: 300px) 100vw, 300px\" \/><\/div><\/a>\n\t\t\t\t<div class=\"elementor-post__badge\">Toutes les actualit\u00e9s<\/div>\n\t\t\t\t<div class=\"elementor-post__avatar\">\n\t\t\t<img alt='Louise Brosset' src='https:\/\/secure.gravatar.com\/avatar\/243a2a94028284bc7b0268838832d05c?s=128&#038;d=mm&#038;r=g' srcset='https:\/\/secure.gravatar.com\/avatar\/243a2a94028284bc7b0268838832d05c?s=256&#038;d=mm&#038;r=g 2x' class='avatar avatar-128 photo' height='128' width='128' loading='lazy' decoding='async'\/>\t\t<\/div>\n\t\t\t\t<div class=\"elementor-post__text\">\n\t\t\t\t<h3 class=\"elementor-post__title\">\n\t\t\t<a href=\"https:\/\/techfugees.com\/fr\/get-involved\/about-techfugees-france-serious-games-for-refugees-hackathon\/\" >\n\t\t\t\tHackathon Techfugees France: utiliser le &#8220;gaming&#8221; pour soutenir l&#8217;apprentissage du Fran\u00e7ais pour les r\u00e9fugi\u00e9s &#x1f47e;\t\t\t<\/a>\n\t\t<\/h3>\n\t\t\t\t<div class=\"elementor-post__excerpt\">\n\t\t\t<p>Article r\u00e9dig\u00e9 par Joanna Kirk, Techfugees France Chapter Lead Techfugees France a organis\u00e9 son 4\u00e8me Hackathon le 23-24 Novembre \u00e0 [&#8230;]<\/p>\n<p><a class=\"btn btn-secondary understrap-read-more-link\" href=\"https:\/\/techfugees.com\/fr\/get-involved\/about-techfugees-france-serious-games-for-refugees-hackathon\/\">Lire la suite\u2026<span class=\"screen-reader-text\"> from Hackathon Techfugees France: utiliser le &#8220;gaming&#8221; pour soutenir l&#8217;apprentissage du Fran\u00e7ais pour les r\u00e9fugi\u00e9s &#x1f47e;<\/span><\/a><\/p>\n\t\t<\/div>\n\t\t\n\t\t<a class=\"elementor-post__read-more\" href=\"https:\/\/techfugees.com\/fr\/get-involved\/about-techfugees-france-serious-games-for-refugees-hackathon\/\" aria-label=\"Read more about Hackathon Techfugees France: utiliser le &#8220;gaming&#8221; pour soutenir l&#8217;apprentissage du Fran\u00e7ais pour les r\u00e9fugi\u00e9s &#x1f47e;\" >\n\t\t\tRead More \u00bb\t\t<\/a>\n\n\t\t\t\t<\/div>\n\t\t\t\t<div class=\"elementor-post__meta-data\">\n\t\t\t\t\t<span class=\"elementor-post-date\">\n\t\t\tsamedi 21 d\u00e9cembre 2019\t\t<\/span>\n\t\t\t\t<span class=\"elementor-post-avatar\">\n\t\t\tAucun commentaire\t\t<\/span>\n\t\t\t\t<\/div>\n\t\t\t\t\t<\/div>\n\t\t<\/article>\n\t\t\t\t<\/div>\n\t\t\n\t\t\t\t<div class=\"e-load-more-anchor\" data-page=\"1\" data-max-page=\"2\" data-next-page=\"https:\/\/techfugees.com\/fr\/wp-json\/wp\/v2\/pages\/8756\/page\/2\/\"><\/div>\n\t\t\t\t<nav class=\"elementor-pagination\" aria-label=\"Pagination\">\n\t\t\t<span class=\"page-numbers prev\">&laquo; Previous<\/span>\n<span aria-current=\"page\" class=\"page-numbers current\"><span class=\"elementor-screen-only\">Page<\/span>1<\/span>\n<a class=\"page-numbers\" href=\"https:\/\/techfugees.com\/fr\/wp-json\/wp\/v2\/pages\/8756\/page\/2\/\"><span class=\"elementor-screen-only\">Page<\/span>2<\/a>\n<a class=\"page-numbers next\" href=\"https:\/\/techfugees.com\/fr\/wp-json\/wp\/v2\/pages\/8756\/page\/2\/\">Next &raquo;<\/a>\t\t<\/nav>\n\t\t\t\t<\/div>\n\t\t\t\t<\/div>\n\t\t\t\t\t\t<\/div>\n\t\t\t\t\t<\/div>\n\t\t<\/div>\n\t\t\t\t\t\t\t\t<\/div>\n\t\t\t\t\t<\/div>\n\t\t<\/section>\n\t\t\t\t\t\t\t\t\t<\/div>\n\t\t\t<\/div>\n\t\t\t\t\t<\/div>\n\t\t","protected":false},"excerpt":{"rendered":"<p>FROM THE TECHFUGEES COMMUNITY WORLDWIDE [&#8230;]<\/p>\n<p><a class=\"btn btn-secondary understrap-read-more-link\" href=\"https:\/\/techfugees.com\/fr\/get-involved\/about-techfugees-france-serious-games-for-refugees-hackathon\/\">Lire la suite\u2026<span class=\"screen-reader-text\"> from Hackathon Techfugees France: utiliser le &#8220;gaming&#8221; pour soutenir l&#8217;apprentissage du Fran\u00e7ais pour les r\u00e9fugi\u00e9s &#x1f47e;<\/span><\/a><\/p>\n","protected":false},"author":5,"featured_media":0,"parent":8717,"menu_order":0,"comment_status":"closed","ping_status":"closed","template":"","meta":[],"categories":[],"tags":[],"acf":[],"_links":{"self":[{"href":"https:\/\/techfugees.com\/fr\/wp-json\/wp\/v2\/pages\/8756"}],"collection":[{"href":"https:\/\/techfugees.com\/fr\/wp-json\/wp\/v2\/pages"}],"about":[{"href":"https:\/\/techfugees.com\/fr\/wp-json\/wp\/v2\/types\/page"}],"author":[{"embeddable":true,"href":"https:\/\/techfugees.com\/fr\/wp-json\/wp\/v2\/users\/5"}],"replies":[{"embeddable":true,"href":"https:\/\/techfugees.com\/fr\/wp-json\/wp\/v2\/comments?post=8756"}],"version-history":[{"count":4,"href":"https:\/\/techfugees.com\/fr\/wp-json\/wp\/v2\/pages\/8756\/revisions"}],"predecessor-version":[{"id":8761,"href":"https:\/\/techfugees.com\/fr\/wp-json\/wp\/v2\/pages\/8756\/revisions\/8761"}],"up":[{"embeddable":true,"href":"https:\/\/techfugees.com\/fr\/wp-json\/wp\/v2\/pages\/8717"}],"wp:attachment":[{"href":"https:\/\/techfugees.com\/fr\/wp-json\/wp\/v2\/media?parent=8756"}],"wp:term":[{"taxonomy":"category","embeddable":true,"href":"https:\/\/techfugees.com\/fr\/wp-json\/wp\/v2\/categories?post=8756"},{"taxonomy":"post_tag","embeddable":true,"href":"https:\/\/techfugees.com\/fr\/wp-json\/wp\/v2\/tags?post=8756"}],"curies":[{"name":"wp","href":"https:\/\/api.w.org\/{rel}","templated":true}]}}