{"id":568,"date":"2016-06-05T16:36:19","date_gmt":"2016-06-05T15:36:19","guid":{"rendered":"http:\/\/techfugees.dev\/?page_id=568"},"modified":"2020-09-19T18:10:34","modified_gmt":"2020-09-19T17:10:34","slug":"turkey","status":"publish","type":"page","link":"https:\/\/techfugees.com\/fr\/chapters\/turkey\/","title":{"rendered":"Techfugees Istanbul &#x1f1f9;&#x1f1f7;"},"content":{"rendered":"\t\t<div data-elementor-type=\"wp-page\" data-elementor-id=\"568\" class=\"elementor elementor-568\">\n\t\t\t\t\t\t<div class=\"elementor-inner\">\n\t\t\t\t<div class=\"elementor-section-wrap\">\n\t\t\t\t\t\t\t\t\t<section class=\"elementor-section elementor-top-section elementor-element elementor-element-c2500a4 elementor-section-height-min-height elementor-section-stretched elementor-section-items-top elementor-section-full_width elementor-section-height-default\" data-id=\"c2500a4\" data-element_type=\"section\" data-settings=\"{&quot;background_background&quot;:&quot;classic&quot;,&quot;stretch_section&quot;:&quot;section-stretched&quot;,&quot;shape_divider_bottom&quot;:&quot;arrow&quot;,&quot;_ha_eqh_enable&quot;:false}\">\n\t\t\t\t\t\t\t<div class=\"elementor-background-overlay\"><\/div>\n\t\t\t\t\t\t<div class=\"elementor-shape elementor-shape-bottom\" data-negative=\"false\">\n\t\t\t<svg xmlns=\"http:\/\/www.w3.org\/2000\/svg\" viewBox=\"0 0 700 10\" preserveAspectRatio=\"none\">\n\t<path class=\"elementor-shape-fill\" d=\"M350,10L340,0h20L350,10z\"\/>\n<\/svg>\t\t<\/div>\n\t\t\t\t\t<div class=\"elementor-container elementor-column-gap-no\">\n\t\t\t\t\t\t\t<div class=\"elementor-row\">\n\t\t\t\t\t<div class=\"elementor-column elementor-col-100 elementor-top-column elementor-element elementor-element-17bdf9ff\" data-id=\"17bdf9ff\" data-element_type=\"column\">\n\t\t\t<div class=\"elementor-column-wrap elementor-element-populated\">\n\t\t\t\t\t\t\t<div class=\"elementor-widget-wrap\">\n\t\t\t\t\t\t<div class=\"elementor-element elementor-element-5236f91c elementor-widget elementor-widget-heading\" data-id=\"5236f91c\" data-element_type=\"widget\" data-widget_type=\"heading.default\">\n\t\t\t\t<div class=\"elementor-widget-container\">\n\t\t\t<h2 class=\"elementor-heading-title elementor-size-default\"><img decoding=\"async\" draggable=\"false\" role=\"img\" class=\"emoji\" alt=\"\ud83c\uddf9\ud83c\uddf7\" src=\"https:\/\/s.w.org\/images\/core\/emoji\/12.0.0-1\/svg\/1f1f9-1f1f7.svg\"> Techfugees ISTANBUL \ud83c\uddf9\ud83c\uddf7<\/h2>\t\t<\/div>\n\t\t\t\t<\/div>\n\t\t\t\t\t\t<\/div>\n\t\t\t\t\t<\/div>\n\t\t<\/div>\n\t\t\t\t\t\t\t\t<\/div>\n\t\t\t\t\t<\/div>\n\t\t<\/section>\n\t\t\t\t<section class=\"elementor-section elementor-top-section elementor-element elementor-element-2136805a elementor-section-content-middle elementor-section-boxed elementor-section-height-default elementor-section-height-default\" data-id=\"2136805a\" data-element_type=\"section\" data-settings=\"{&quot;_ha_eqh_enable&quot;:false}\">\n\t\t\t\t\t\t<div class=\"elementor-container elementor-column-gap-no\">\n\t\t\t\t\t\t\t<div class=\"elementor-row\">\n\t\t\t\t\t<div class=\"elementor-column elementor-col-100 elementor-top-column elementor-element elementor-element-57b4d499\" data-id=\"57b4d499\" data-element_type=\"column\">\n\t\t\t<div class=\"elementor-column-wrap elementor-element-populated\">\n\t\t\t\t\t\t\t<div class=\"elementor-widget-wrap\">\n\t\t\t\t\t\t<div class=\"elementor-element elementor-element-6335e76d elementor-widget elementor-widget-heading\" data-id=\"6335e76d\" data-element_type=\"widget\" data-widget_type=\"heading.default\">\n\t\t\t\t<div class=\"elementor-widget-container\">\n\t\t\t<h4 class=\"elementor-heading-title elementor-size-default\">Techfugees Turkey started in 2016 and aims to grow a local community of technology &amp; digital expert volunteers who are interested to support refugee initiatives, which can be local and international NGOs or grassroot initiatives, focussing on fostering access to employment to displaced people. A new team relaunched the Chapter in 2020 ! Stay tuned. \n\n<\/h4>\t\t<\/div>\n\t\t\t\t<\/div>\n\t\t\t\t\t\t<\/div>\n\t\t\t\t\t<\/div>\n\t\t<\/div>\n\t\t\t\t\t\t\t\t<\/div>\n\t\t\t\t\t<\/div>\n\t\t<\/section>\n\t\t\t\t<section class=\"elementor-section elementor-top-section elementor-element elementor-element-68568377 elementor-section-boxed elementor-section-height-default elementor-section-height-default\" data-id=\"68568377\" data-element_type=\"section\" data-settings=\"{&quot;_ha_eqh_enable&quot;:false}\">\n\t\t\t\t\t\t<div class=\"elementor-container elementor-column-gap-extended\">\n\t\t\t\t\t\t\t<div class=\"elementor-row\">\n\t\t\t\t\t<div class=\"elementor-column elementor-col-100 elementor-top-column elementor-element elementor-element-14972078\" data-id=\"14972078\" data-element_type=\"column\">\n\t\t\t<div class=\"elementor-column-wrap elementor-element-populated\">\n\t\t\t\t\t\t\t<div class=\"elementor-widget-wrap\">\n\t\t\t\t\t\t<div class=\"elementor-element elementor-element-3af434d3 elementor-widget elementor-widget-image\" data-id=\"3af434d3\" data-element_type=\"widget\" data-widget_type=\"image.default\">\n\t\t\t\t<div class=\"elementor-widget-container\">\n\t\t\t\t\t\t\t\t<div class=\"elementor-image\">\n\t\t\t\t\t\t\t\t\t\t\t\t<img decoding=\"async\" width=\"300\" height=\"169\" src=\"https:\/\/techfugees.com\/wp-content\/uploads\/2020\/09\/TF-turkey-300x169.jpeg\" class=\"attachment-medium size-medium wp-image-9337\" alt=\"\" loading=\"lazy\" srcset=\"https:\/\/techfugees.com\/wp-content\/uploads\/2020\/09\/TF-turkey-300x169.jpeg 300w, https:\/\/techfugees.com\/wp-content\/uploads\/2020\/09\/TF-turkey-768x432.jpeg 768w, https:\/\/techfugees.com\/wp-content\/uploads\/2020\/09\/TF-turkey.jpeg 1024w\" sizes=\"(max-width: 300px) 100vw, 300px\" \/>\t\t\t\t\t\t\t\t\t\t\t\t\t\t<\/div>\n\t\t\t\t\t\t<\/div>\n\t\t\t\t<\/div>\n\t\t\t\t<div class=\"elementor-element elementor-element-31dd0500 elementor-widget elementor-widget-heading\" data-id=\"31dd0500\" data-element_type=\"widget\" data-widget_type=\"heading.default\">\n\t\t\t\t<div class=\"elementor-widget-container\">\n\t\t\t<h3 class=\"elementor-heading-title elementor-size-default\">Connecter \n<\/h3>\t\t<\/div>\n\t\t\t\t<\/div>\n\t\t\t\t<div class=\"elementor-element elementor-element-5538b914 elementor-widget elementor-widget-text-editor\" data-id=\"5538b914\" data-element_type=\"widget\" data-widget_type=\"text-editor.default\">\n\t\t\t\t<div class=\"elementor-widget-container\">\n\t\t\t\t\t\t\t\t<div class=\"elementor-text-editor elementor-clearfix\">\n\t\t\t\t<p style=\"text-align: center;\"> Nous <b>connectons <\/b>des individus et organisations tr\u00e8s diverses qui partagent un m\u00eame objectif : utiliser le num\u00e9rique pour trouver des solutions aux obstacles auxquels les r\u00e9fugi\u00e9s se confrontent. <\/p><h6><strong>En savoir plus<\/strong><\/h6><p><img decoding=\"async\" class=\"emoji\" role=\"img\" draggable=\"false\" src=\"https:\/\/s.w.org\/images\/core\/emoji\/12.0.0-1\/svg\/1f4d6.svg\" alt=\"\ud83d\udcd6\" \/> February 2020: <a href=\"https:\/\/techfugees.com\/tfchapters\/a-new-team-for-techfugees-in-istanbul\/\">A new team for Techfugees in Istanbul !<\/a><\/p><p><img decoding=\"async\" class=\"emoji\" role=\"img\" draggable=\"false\" src=\"https:\/\/s.w.org\/images\/core\/emoji\/12.0.0-1\/svg\/23ee.svg\" alt=\"\u23ee\" \/>\u00a0 June 2016\u00a0 &#8211; <a href=\"http:\/\/www.ebrd.com\/news\/events\/innovative-solutions-for-refugees.html\">Ashoka: Innovative Solutions for Refugees Conference<\/a><\/p><p><img decoding=\"async\" class=\"emoji\" role=\"img\" draggable=\"false\" src=\"https:\/\/s.w.org\/images\/core\/emoji\/12.0.0-1\/svg\/23ee.svg\" alt=\"\u23ee\" \/> June 2016 &#8211; <a href=\"https:\/\/techfugees.com\/events\/techfugees-turkey-launches-on-world-refugee-day\/\">Techfugees IFTAR<\/a><\/p>\t\t\t\t\t<\/div>\n\t\t\t\t\t\t<\/div>\n\t\t\t\t<\/div>\n\t\t\t\t\t\t<\/div>\n\t\t\t\t\t<\/div>\n\t\t<\/div>\n\t\t\t\t\t\t\t\t<\/div>\n\t\t\t\t\t<\/div>\n\t\t<\/section>\n\t\t\t\t<section class=\"elementor-section elementor-top-section elementor-element elementor-element-2a41bc9e elementor-section-content-middle elementor-section-stretched elementor-section-boxed elementor-section-height-default elementor-section-height-default\" data-id=\"2a41bc9e\" data-element_type=\"section\" data-settings=\"{&quot;stretch_section&quot;:&quot;section-stretched&quot;,&quot;_ha_eqh_enable&quot;:false}\">\n\t\t\t\t\t\t<div class=\"elementor-container elementor-column-gap-no\">\n\t\t\t\t\t\t\t<div class=\"elementor-row\">\n\t\t\t\t\t<div class=\"elementor-column elementor-col-100 elementor-top-column elementor-element elementor-element-235bfa21\" data-id=\"235bfa21\" data-element_type=\"column\">\n\t\t\t<div class=\"elementor-column-wrap elementor-element-populated\">\n\t\t\t\t\t\t\t<div class=\"elementor-widget-wrap\">\n\t\t\t\t\t\t<div class=\"elementor-element elementor-element-aa9687c elementor-widget elementor-widget-spacer\" data-id=\"aa9687c\" data-element_type=\"widget\" data-widget_type=\"spacer.default\">\n\t\t\t\t<div class=\"elementor-widget-container\">\n\t\t\t\t\t<div class=\"elementor-spacer\">\n\t\t\t<div class=\"elementor-spacer-inner\"><\/div>\n\t\t<\/div>\n\t\t\t\t<\/div>\n\t\t\t\t<\/div>\n\t\t\t\t<div class=\"elementor-element elementor-element-67299fde elementor-widget elementor-widget-heading\" data-id=\"67299fde\" data-element_type=\"widget\" data-widget_type=\"heading.default\">\n\t\t\t\t<div class=\"elementor-widget-container\">\n\t\t\t<h4 class=\"elementor-heading-title elementor-size-default\">L'\u00c9QUipe<br><br><\/h4>\t\t<\/div>\n\t\t\t\t<\/div>\n\t\t\t\t<section class=\"elementor-section elementor-inner-section elementor-element elementor-element-2ca02c42 elementor-section-content-middle elementor-section-boxed elementor-section-height-default elementor-section-height-default\" data-id=\"2ca02c42\" data-element_type=\"section\" data-settings=\"{&quot;_ha_eqh_enable&quot;:false}\">\n\t\t\t\t\t\t<div class=\"elementor-container elementor-column-gap-no\">\n\t\t\t\t\t\t\t<div class=\"elementor-row\">\n\t\t\t\t\t<div class=\"elementor-column elementor-col-100 elementor-inner-column elementor-element elementor-element-d0343a0\" data-id=\"d0343a0\" data-element_type=\"column\">\n\t\t\t<div class=\"elementor-column-wrap elementor-element-populated\">\n\t\t\t\t\t\t\t<div class=\"elementor-widget-wrap\">\n\t\t\t\t\t\t<div class=\"elementor-element elementor-element-6ccdd401 elementor-widget elementor-widget-text-editor\" data-id=\"6ccdd401\" data-element_type=\"widget\" data-widget_type=\"text-editor.default\">\n\t\t\t\t<div class=\"elementor-widget-container\">\n\t\t\t\t\t\t\t\t<div class=\"elementor-text-editor elementor-clearfix\">\n\t\t\t\t<h5><span style=\"color: #1a2e40;\">Nous sommes \u00e0 100% des b\u00e9n\u00e9voles. Si vous souhaiteriez rejoindre nos rangs,\u00a0<a href=\"https:\/\/techfugees.com\/volunteer-your-skills\/\">candidatez<\/a><\/span><\/h5>\n<h5 style=\"font-family: Karla, sans-serif; color: #7a7a7a; text-align: left;\"><span style=\"color: #1a2e40;\">\u00a0<\/span><span style=\"color: #1a2e40;\"><\/span><\/h5>\t\t\t\t\t<\/div>\n\t\t\t\t\t\t<\/div>\n\t\t\t\t<\/div>\n\t\t\t\t\t\t<\/div>\n\t\t\t\t\t<\/div>\n\t\t<\/div>\n\t\t\t\t\t\t\t\t<\/div>\n\t\t\t\t\t<\/div>\n\t\t<\/section>\n\t\t\t\t\t\t<\/div>\n\t\t\t\t\t<\/div>\n\t\t<\/div>\n\t\t\t\t\t\t\t\t<\/div>\n\t\t\t\t\t<\/div>\n\t\t<\/section>\n\t\t\t\t<section class=\"elementor-section elementor-top-section elementor-element elementor-element-2368a524 elementor-section-full_width elementor-section-height-default elementor-section-height-default\" data-id=\"2368a524\" data-element_type=\"section\" data-settings=\"{&quot;_ha_eqh_enable&quot;:false}\">\n\t\t\t\t\t\t<div class=\"elementor-container elementor-column-gap-default\">\n\t\t\t\t\t\t\t<div class=\"elementor-row\">\n\t\t\t\t\t<div class=\"elementor-column elementor-col-50 elementor-top-column elementor-element elementor-element-111e4e7\" data-id=\"111e4e7\" data-element_type=\"column\">\n\t\t\t<div class=\"elementor-column-wrap elementor-element-populated\">\n\t\t\t\t\t\t\t<div class=\"elementor-widget-wrap\">\n\t\t\t\t\t\t<div class=\"elementor-element elementor-element-16e5eb75 elementor-position-left elementor-vertical-align-top elementor-widget elementor-widget-image-box\" data-id=\"16e5eb75\" data-element_type=\"widget\" data-widget_type=\"image-box.default\">\n\t\t\t\t<div class=\"elementor-widget-container\">\n\t\t\t<div class=\"elementor-image-box-wrapper\"><figure class=\"elementor-image-box-img\"><a href=\"https:\/\/twitter.com\/joakirk\" target=\"_blank\"><img decoding=\"async\" width=\"300\" height=\"300\" src=\"https:\/\/techfugees.com\/wp-content\/uploads\/2020\/09\/Muna-300x300.png\" class=\"attachment-medium size-medium wp-image-9331\" alt=\"\" loading=\"lazy\" srcset=\"https:\/\/techfugees.com\/wp-content\/uploads\/2020\/09\/Muna-300x300.png 300w, https:\/\/techfugees.com\/wp-content\/uploads\/2020\/09\/Muna-150x150.png 150w, https:\/\/techfugees.com\/wp-content\/uploads\/2020\/09\/Muna.png 631w\" sizes=\"(max-width: 300px) 100vw, 300px\" \/><\/a><\/figure><div class=\"elementor-image-box-content\"><h3 class=\"elementor-image-box-title\"><a href=\"https:\/\/twitter.com\/joakirk\" target=\"_blank\"><h5><b>Muna Alramadhani<\/b>, co-lead<\/h5><\/a><\/h3><p class=\"elementor-image-box-description\">Muna is an entrepreneurship trainer currently finishing a bachelor's degree in City and Urban Planning from Yildiz Technical University. She has three years of freelance experience in the field of translation and interpreting as well as graphic design and content writing. She has currently dedicated her time to social work with several organisations based in istanbul- Turkey.\n<\/p><\/div><\/div>\t\t<\/div>\n\t\t\t\t<\/div>\n\t\t\t\t\t\t<\/div>\n\t\t\t\t\t<\/div>\n\t\t<\/div>\n\t\t\t\t<div class=\"elementor-column elementor-col-50 elementor-top-column elementor-element elementor-element-31d5d5dc\" data-id=\"31d5d5dc\" data-element_type=\"column\">\n\t\t\t<div class=\"elementor-column-wrap elementor-element-populated\">\n\t\t\t\t\t\t\t<div class=\"elementor-widget-wrap\">\n\t\t\t\t\t\t<div class=\"elementor-element elementor-element-25d64219 elementor-position-left elementor-vertical-align-top elementor-widget elementor-widget-image-box\" data-id=\"25d64219\" data-element_type=\"widget\" data-widget_type=\"image-box.default\">\n\t\t\t\t<div class=\"elementor-widget-container\">\n\t\t\t<div class=\"elementor-image-box-wrapper\"><figure class=\"elementor-image-box-img\"><a href=\"https:\/\/twitter.com\/alexxmeyer\" target=\"_blank\"><img decoding=\"async\" width=\"300\" height=\"300\" src=\"https:\/\/techfugees.com\/wp-content\/uploads\/2020\/09\/Mohammad-300x300.png\" class=\"attachment-medium size-medium wp-image-9332\" alt=\"\" loading=\"lazy\" srcset=\"https:\/\/techfugees.com\/wp-content\/uploads\/2020\/09\/Mohammad-300x300.png 300w, https:\/\/techfugees.com\/wp-content\/uploads\/2020\/09\/Mohammad-150x150.png 150w, https:\/\/techfugees.com\/wp-content\/uploads\/2020\/09\/Mohammad.png 634w\" sizes=\"(max-width: 300px) 100vw, 300px\" \/><\/a><\/figure><div class=\"elementor-image-box-content\"><h3 class=\"elementor-image-box-title\"><a href=\"https:\/\/twitter.com\/alexxmeyer\" target=\"_blank\"><h5><b>Mohamed Kawsara<\/b>, co-lead<\/h5><\/a><\/h3><p class=\"elementor-image-box-description\">Mohamed studied Software Engineering and Computer Science in Syria and in Turkey, and has been working as a web developer for the past 8+ years in several positions including as a team leader and as a CTO, now established a company for Web & Mobile services based in Istanbul for the past 3 years.\n\n<\/p><\/div><\/div>\t\t<\/div>\n\t\t\t\t<\/div>\n\t\t\t\t\t\t<\/div>\n\t\t\t\t\t<\/div>\n\t\t<\/div>\n\t\t\t\t\t\t\t\t<\/div>\n\t\t\t\t\t<\/div>\n\t\t<\/section>\n\t\t\t\t<section class=\"elementor-section elementor-top-section elementor-element elementor-element-35a34f57 elementor-section-full_width elementor-section-height-default elementor-section-height-default\" data-id=\"35a34f57\" data-element_type=\"section\" data-settings=\"{&quot;_ha_eqh_enable&quot;:false}\">\n\t\t\t\t\t\t<div class=\"elementor-container elementor-column-gap-default\">\n\t\t\t\t\t\t\t<div class=\"elementor-row\">\n\t\t\t\t\t<div class=\"elementor-column elementor-col-50 elementor-top-column elementor-element elementor-element-1c0de063\" data-id=\"1c0de063\" data-element_type=\"column\">\n\t\t\t<div class=\"elementor-column-wrap elementor-element-populated\">\n\t\t\t\t\t\t\t<div class=\"elementor-widget-wrap\">\n\t\t\t\t\t\t<div class=\"elementor-element elementor-element-10be7ae1 elementor-position-left elementor-vertical-align-top elementor-widget elementor-widget-image-box\" data-id=\"10be7ae1\" data-element_type=\"widget\" data-widget_type=\"image-box.default\">\n\t\t\t\t<div class=\"elementor-widget-container\">\n\t\t\t<div class=\"elementor-image-box-wrapper\"><figure class=\"elementor-image-box-img\"><a href=\"https:\/\/twitter.com\/charlotte_Abd\" target=\"_blank\"><img decoding=\"async\" width=\"300\" height=\"300\" src=\"https:\/\/techfugees.com\/wp-content\/uploads\/2020\/09\/Mehmet-300x300.png\" class=\"attachment-medium size-medium wp-image-9333\" alt=\"\" loading=\"lazy\" srcset=\"https:\/\/techfugees.com\/wp-content\/uploads\/2020\/09\/Mehmet-300x300.png 300w, https:\/\/techfugees.com\/wp-content\/uploads\/2020\/09\/Mehmet-150x150.png 150w, https:\/\/techfugees.com\/wp-content\/uploads\/2020\/09\/Mehmet.png 640w\" sizes=\"(max-width: 300px) 100vw, 300px\" \/><\/a><\/figure><div class=\"elementor-image-box-content\"><h3 class=\"elementor-image-box-title\"><a href=\"https:\/\/twitter.com\/charlotte_Abd\" target=\"_blank\"><h5><b>Mehmet Cedit<\/b>, Co-lead<\/h5><\/a><\/h3><p class=\"elementor-image-box-description\">Product & business development professional expertise in online business domain. Mehmet has worked with multiple international projects & companies with different sizes & industries, offering 10+ years track record of progressive experience in different technologies applied on web, e-commerce, CRM, mobile apps, and digital marketing, strengthened with high-quality management & strong collaboration skills to thrive in fast-paced, high-stress environments.\n\n<\/p><\/div><\/div>\t\t<\/div>\n\t\t\t\t<\/div>\n\t\t\t\t\t\t<\/div>\n\t\t\t\t\t<\/div>\n\t\t<\/div>\n\t\t\t\t<div class=\"elementor-column elementor-col-50 elementor-top-column elementor-element elementor-element-16b9cb31\" data-id=\"16b9cb31\" data-element_type=\"column\">\n\t\t\t<div class=\"elementor-column-wrap elementor-element-populated\">\n\t\t\t\t\t\t\t<div class=\"elementor-widget-wrap\">\n\t\t\t\t\t\t<div class=\"elementor-element elementor-element-48993eef elementor-position-left elementor-vertical-align-top elementor-widget elementor-widget-image-box\" data-id=\"48993eef\" data-element_type=\"widget\" data-widget_type=\"image-box.default\">\n\t\t\t\t<div class=\"elementor-widget-container\">\n\t\t\t<div class=\"elementor-image-box-wrapper\"><figure class=\"elementor-image-box-img\"><a href=\"https:\/\/twitter.com\/charlotte_Abd\" target=\"_blank\"><img decoding=\"async\" width=\"300\" height=\"300\" src=\"https:\/\/techfugees.com\/wp-content\/uploads\/2020\/09\/Mustafa-300x300.png\" class=\"attachment-medium size-medium wp-image-9334\" alt=\"\" loading=\"lazy\" srcset=\"https:\/\/techfugees.com\/wp-content\/uploads\/2020\/09\/Mustafa-300x300.png 300w, https:\/\/techfugees.com\/wp-content\/uploads\/2020\/09\/Mustafa-150x150.png 150w, https:\/\/techfugees.com\/wp-content\/uploads\/2020\/09\/Mustafa.png 722w\" sizes=\"(max-width: 300px) 100vw, 300px\" \/><\/a><\/figure><div class=\"elementor-image-box-content\"><h3 class=\"elementor-image-box-title\"><a href=\"https:\/\/twitter.com\/charlotte_Abd\" target=\"_blank\"><h5><b>Mustafa Ozer<\/b>, Advisor<\/h5><\/a><\/h3><p class=\"elementor-image-box-description\">Holding MSc Development Economics from SOAS, Mustafa is passionate about connecting people with opportunities to use his skills and network to create an inclusive and sustainable world. Having more than 8 years of experience working at the intersection of nonprofits and corporations, designing impactful projects and forging mutually beneficial partnerships. He has particular expertise in economic empowerment including refugee entrepreneurship and localisation of the sustainable development goals.\n<\/p><\/div><\/div>\t\t<\/div>\n\t\t\t\t<\/div>\n\t\t\t\t\t\t<\/div>\n\t\t\t\t\t<\/div>\n\t\t<\/div>\n\t\t\t\t\t\t\t\t<\/div>\n\t\t\t\t\t<\/div>\n\t\t<\/section>\n\t\t\t\t<section class=\"elementor-section elementor-top-section elementor-element elementor-element-6c469524 elementor-section-content-middle elementor-section-stretched elementor-section-boxed elementor-section-height-default elementor-section-height-default\" data-id=\"6c469524\" data-element_type=\"section\" data-settings=\"{&quot;stretch_section&quot;:&quot;section-stretched&quot;,&quot;_ha_eqh_enable&quot;:false}\">\n\t\t\t\t\t\t<div class=\"elementor-container elementor-column-gap-no\">\n\t\t\t\t\t\t\t<div class=\"elementor-row\">\n\t\t\t\t\t<div class=\"elementor-column elementor-col-100 elementor-top-column elementor-element elementor-element-69110ec\" data-id=\"69110ec\" data-element_type=\"column\">\n\t\t\t<div class=\"elementor-column-wrap elementor-element-populated\">\n\t\t\t\t\t\t\t<div class=\"elementor-widget-wrap\">\n\t\t\t\t\t\t<section class=\"elementor-section elementor-inner-section elementor-element elementor-element-17deb63b elementor-section-content-middle elementor-section-boxed elementor-section-height-default elementor-section-height-default\" data-id=\"17deb63b\" data-element_type=\"section\" data-settings=\"{&quot;_ha_eqh_enable&quot;:false}\">\n\t\t\t\t\t\t<div class=\"elementor-container elementor-column-gap-no\">\n\t\t\t\t\t\t\t<div class=\"elementor-row\">\n\t\t\t\t\t<div class=\"elementor-column elementor-col-100 elementor-inner-column elementor-element elementor-element-299733f\" data-id=\"299733f\" data-element_type=\"column\">\n\t\t\t<div class=\"elementor-column-wrap\">\n\t\t\t\t\t\t\t<div class=\"elementor-widget-wrap\">\n\t\t\t\t\t\t\t\t<\/div>\n\t\t\t\t\t<\/div>\n\t\t<\/div>\n\t\t\t\t\t\t\t\t<\/div>\n\t\t\t\t\t<\/div>\n\t\t<\/section>\n\t\t\t\t<section class=\"elementor-section elementor-inner-section elementor-element elementor-element-51024716 elementor-section-content-middle elementor-section-boxed elementor-section-height-default elementor-section-height-default\" data-id=\"51024716\" data-element_type=\"section\" data-settings=\"{&quot;_ha_eqh_enable&quot;:false}\">\n\t\t\t\t\t\t<div class=\"elementor-container elementor-column-gap-no\">\n\t\t\t\t\t\t\t<div class=\"elementor-row\">\n\t\t\t\t\t<div class=\"elementor-column elementor-col-100 elementor-inner-column elementor-element elementor-element-37ea0247\" data-id=\"37ea0247\" data-element_type=\"column\">\n\t\t\t<div class=\"elementor-column-wrap elementor-element-populated\">\n\t\t\t\t\t\t\t<div class=\"elementor-widget-wrap\">\n\t\t\t\t\t\t<div class=\"elementor-element elementor-element-57c03840 elementor-widget elementor-widget-text-editor\" data-id=\"57c03840\" data-element_type=\"widget\" data-widget_type=\"text-editor.default\">\n\t\t\t\t<div class=\"elementor-widget-container\">\n\t\t\t\t\t\t\t\t<div class=\"elementor-text-editor elementor-clearfix\">\n\t\t\t\t<h5 style=\"text-align: center;\">Envoyez nous un email \u00e0<\/span> <a style=\"font-family: inherit; font-size: 1.25rem; background-color: #ffffff;\" href=\"mailto:istanbul@techfugees.com\">istanbul@techfugees.com<\/a><\/h5>\t\t\t\t\t<\/div>\n\t\t\t\t\t\t<\/div>\n\t\t\t\t<\/div>\n\t\t\t\t<div class=\"elementor-element elementor-element-853a103 elementor-shape-rounded elementor-grid-0 e-grid-align-center elementor-widget elementor-widget-social-icons\" data-id=\"853a103\" data-element_type=\"widget\" data-widget_type=\"social-icons.default\">\n\t\t\t\t<div class=\"elementor-widget-container\">\n\t\t\t\t\t<div class=\"elementor-social-icons-wrapper elementor-grid\">\n\t\t\t\t\t\t\t<span class=\"elementor-grid-item\">\n\t\t\t\t\t<a class=\"elementor-icon elementor-social-icon elementor-social-icon-facebook elementor-repeater-item-0c98ee1\" href=\"https:\/\/www.facebook.com\/groups\/2627342697503131\" target=\"_blank\">\n\t\t\t\t\t\t<span class=\"elementor-screen-only\">Facebook<\/span>\n\t\t\t\t\t\t<i class=\"fab fa-facebook\"><\/i>\t\t\t\t\t<\/a>\n\t\t\t\t<\/span>\n\t\t\t\t\t\t\t<span class=\"elementor-grid-item\">\n\t\t\t\t\t<a class=\"elementor-icon elementor-social-icon elementor-social-icon-twitter elementor-repeater-item-024b991\" href=\"https:\/\/twitter.com\/techfugeestr\" target=\"_blank\">\n\t\t\t\t\t\t<span class=\"elementor-screen-only\">Twitter<\/span>\n\t\t\t\t\t\t<i class=\"fab fa-twitter\"><\/i>\t\t\t\t\t<\/a>\n\t\t\t\t<\/span>\n\t\t\t\t\t<\/div>\n\t\t\t\t<\/div>\n\t\t\t\t<\/div>\n\t\t\t\t\t\t<\/div>\n\t\t\t\t\t<\/div>\n\t\t<\/div>\n\t\t\t\t\t\t\t\t<\/div>\n\t\t\t\t\t<\/div>\n\t\t<\/section>\n\t\t\t\t\t\t<\/div>\n\t\t\t\t\t<\/div>\n\t\t<\/div>\n\t\t\t\t\t\t\t\t<\/div>\n\t\t\t\t\t<\/div>\n\t\t<\/section>\n\t\t\t\t\t\t\t\t\t<\/div>\n\t\t\t<\/div>\n\t\t\t\t\t<\/div>\n\t\t","protected":false},"excerpt":{"rendered":"<p>Techfugees ISTANBUL &#x1f1f9;&#x1f1f7; Techfugees Turkey started in 2016 and aims to grow a local community of technology &amp; digital expert&#8230; <a href=\"https:\/\/techfugees.com\/fr\/chapters\/turkey\/\">Read More<\/a> [&#8230;]<\/p>\n<p><a class=\"btn btn-secondary understrap-read-more-link\" href=\"https:\/\/techfugees.com\/fr\/chapters\/turkey\/\">Lire la suite\u2026<span class=\"screen-reader-text\"> from Techfugees Istanbul &#x1f1f9;&#x1f1f7;<\/span><\/a><\/p>\n","protected":false},"author":1,"featured_media":0,"parent":49,"menu_order":0,"comment_status":"closed","ping_status":"closed","template":"","meta":[],"categories":[],"tags":[],"acf":[],"_links":{"self":[{"href":"https:\/\/techfugees.com\/fr\/wp-json\/wp\/v2\/pages\/568"}],"collection":[{"href":"https:\/\/techfugees.com\/fr\/wp-json\/wp\/v2\/pages"}],"about":[{"href":"https:\/\/techfugees.com\/fr\/wp-json\/wp\/v2\/types\/page"}],"author":[{"embeddable":true,"href":"https:\/\/techfugees.com\/fr\/wp-json\/wp\/v2\/users\/1"}],"replies":[{"embeddable":true,"href":"https:\/\/techfugees.com\/fr\/wp-json\/wp\/v2\/comments?post=568"}],"version-history":[{"count":3,"href":"https:\/\/techfugees.com\/fr\/wp-json\/wp\/v2\/pages\/568\/revisions"}],"predecessor-version":[{"id":9348,"href":"https:\/\/techfugees.com\/fr\/wp-json\/wp\/v2\/pages\/568\/revisions\/9348"}],"up":[{"embeddable":true,"href":"https:\/\/techfugees.com\/fr\/wp-json\/wp\/v2\/pages\/49"}],"wp:attachment":[{"href":"https:\/\/techfugees.com\/fr\/wp-json\/wp\/v2\/media?parent=568"}],"wp:term":[{"taxonomy":"category","embeddable":true,"href":"https:\/\/techfugees.com\/fr\/wp-json\/wp\/v2\/categories?post=568"},{"taxonomy":"post_tag","embeddable":true,"href":"https:\/\/techfugees.com\/fr\/wp-json\/wp\/v2\/tags?post=568"}],"curies":[{"name":"wp","href":"https:\/\/api.w.org\/{rel}","templated":true}]}}