{"id":4961,"date":"2019-10-23T14:08:58","date_gmt":"2019-10-23T13:08:58","guid":{"rendered":"https:\/\/techfugees.com\/?page_id=4961"},"modified":"2021-02-21T14:02:16","modified_gmt":"2021-02-21T14:02:16","slug":"volunteer-your-skills","status":"publish","type":"page","link":"https:\/\/techfugees.com\/fr\/volunteer-your-skills\/","title":{"rendered":"Deviens b\u00e9n\u00e9vole !"},"content":{"rendered":"<!-- wp:image {\"id\":4962} -->\r\n<figure class=\"wp-block-image\"><img decoding=\"async\" loading=\"lazy\" width=\"1024\" height=\"437\" class=\"wp-image-4962\" src=\"https:\/\/techfugees.com\/wp-content\/uploads\/2019\/10\/23000388_1987992204789259_3332267977174115269_o-1024x437.jpg\" alt=\"\" srcset=\"https:\/\/techfugees.com\/wp-content\/uploads\/2019\/10\/23000388_1987992204789259_3332267977174115269_o-1024x437.jpg 1024w, https:\/\/techfugees.com\/wp-content\/uploads\/2019\/10\/23000388_1987992204789259_3332267977174115269_o-300x128.jpg 300w, https:\/\/techfugees.com\/wp-content\/uploads\/2019\/10\/23000388_1987992204789259_3332267977174115269_o-768x328.jpg 768w, https:\/\/techfugees.com\/wp-content\/uploads\/2019\/10\/23000388_1987992204789259_3332267977174115269_o.jpg 2048w\" sizes=\"(max-width: 1024px) 100vw, 1024px\" \/><\/figure>\r\n<!-- \/wp:image -->\r\n<p>&nbsp;<\/p>\r\n<!-- wp:paragraph -->\r\n<p>Techfugees est une organisation g\u00e9r\u00e9e par des b\u00e9n\u00e9voles et repr\u00e9sent\u00e9e localement par des ambassadeurs r\u00e9unis en <a href=\"https:\/\/techfugees.com\/chapters\/\">&#8220;chapitres&#8221; sur les cinq continents<\/a> \u00a0&#x1f30d;<\/p>\r\n<!-- \/wp:paragraph -->\r\n\r\n<!-- wp:paragraph -->\r\n<p>Les responsables des chapitres Techfugees recherchent souvent des comp\u00e9tences particuli\u00e8res pour renforcer et renouveler leur \u00e9quipe en vue d&#8217;un \u00e9v\u00e9nement ou d&#8217;un engagement \u00e0 plus long terme. Alors si vous avez, au moins, plusieurs heures par semaine \u00e0 consacrer \u00e0 la mission de Techfugees, qui consiste \u00e0 donner aux personnes d\u00e9plac\u00e9es les moyens de se doter de technologies dans le monde entier, allez-y ! &#x2b07;&#xfe0f;<\/p>\r\n<!-- \/wp:paragraph -->\r\n<p>&nbsp;<\/p>\r\n<!-- wp:heading {\"level\":3,\"align\":\"center\"} --><!-- \/wp:list -->\r\n<p>&nbsp;<\/p>\r\n<!-- wp:heading {\"align\":\"center\"} -->\r\n<h2 style=\"text-align: center;\"><strong><br \/>&#x1f64b;&#x200d;&#x2640;&#xfe0f; <\/strong><a href=\"https:\/\/t.co\/U5EMWg2GCS\"><strong>Candidatez ici!<\/strong><\/a><strong> &#x1f64b;&#x200d;&#x2642;&#xfe0f;<\/strong><\/h2>\r\n<!-- \/wp:heading -->\r\n<p>&nbsp;<\/p>\r\n<!-- wp:paragraph {\"align\":\"center\"} --><!-- \/wp:paragraph -->","protected":false},"excerpt":{"rendered":"<p>&nbsp; Techfugees est une organisation g\u00e9r\u00e9e par des b\u00e9n\u00e9voles et repr\u00e9sent\u00e9e localement par des ambassadeurs r\u00e9unis en &#8220;chapitres&#8221; sur les&#8230; <a href=\"https:\/\/techfugees.com\/fr\/volunteer-your-skills\/\">Read More<\/a> [&#8230;]<\/p>\n<p><a class=\"btn btn-secondary understrap-read-more-link\" href=\"https:\/\/techfugees.com\/fr\/volunteer-your-skills\/\">Lire la suite\u2026<span class=\"screen-reader-text\"> from Deviens b\u00e9n\u00e9vole !<\/span><\/a><\/p>\n","protected":false},"author":57,"featured_media":0,"parent":0,"menu_order":0,"comment_status":"closed","ping_status":"closed","template":"","meta":[],"categories":[],"tags":[],"acf":[],"_links":{"self":[{"href":"https:\/\/techfugees.com\/fr\/wp-json\/wp\/v2\/pages\/4961"}],"collection":[{"href":"https:\/\/techfugees.com\/fr\/wp-json\/wp\/v2\/pages"}],"about":[{"href":"https:\/\/techfugees.com\/fr\/wp-json\/wp\/v2\/types\/page"}],"author":[{"embeddable":true,"href":"https:\/\/techfugees.com\/fr\/wp-json\/wp\/v2\/users\/57"}],"replies":[{"embeddable":true,"href":"https:\/\/techfugees.com\/fr\/wp-json\/wp\/v2\/comments?post=4961"}],"version-history":[{"count":9,"href":"https:\/\/techfugees.com\/fr\/wp-json\/wp\/v2\/pages\/4961\/revisions"}],"predecessor-version":[{"id":6853,"href":"https:\/\/techfugees.com\/fr\/wp-json\/wp\/v2\/pages\/4961\/revisions\/6853"}],"wp:attachment":[{"href":"https:\/\/techfugees.com\/fr\/wp-json\/wp\/v2\/media?parent=4961"}],"wp:term":[{"taxonomy":"category","embeddable":true,"href":"https:\/\/techfugees.com\/fr\/wp-json\/wp\/v2\/categories?post=4961"},{"taxonomy":"post_tag","embeddable":true,"href":"https:\/\/techfugees.com\/fr\/wp-json\/wp\/v2\/tags?post=4961"}],"curies":[{"name":"wp","href":"https:\/\/api.w.org\/{rel}","templated":true}]}}