{"id":13151,"date":"2022-09-20T12:12:09","date_gmt":"2022-09-20T11:12:09","guid":{"rendered":"https:\/\/techfugees.com\/?page_id=13151"},"modified":"2022-09-20T12:24:39","modified_gmt":"2022-09-20T11:24:39","slug":"techfugees-appoints-new-head-of-global-community","status":"publish","type":"page","link":"https:\/\/techfugees.com\/fr\/techfugees-appoints-new-head-of-global-community\/","title":{"rendered":"Techfugees appoints new Head of Global Community"},"content":{"rendered":"<p class=\"qtranxs-available-languages-message qtranxs-available-languages-message-fr\">D\u00e9sol\u00e9, cet article est seulement disponible en <a href=\"https:\/\/techfugees.com\/en\/wp-json\/wp\/v2\/pages\/13151\" class=\"qtranxs-available-language-link qtranxs-available-language-link-en\" title=\"English\">Anglais Am\u00e9ricain<\/a>.<\/p>","protected":false},"excerpt":{"rendered":"<p>D\u00e9sol\u00e9, cet article est seulement disponible en Anglais Am\u00e9ricain. [&#8230;]<\/p>\n<p><a class=\"btn btn-secondary understrap-read-more-link\" href=\"https:\/\/techfugees.com\/fr\/techfugees-appoints-new-head-of-global-community\/\">Lire la suite\u2026<span class=\"screen-reader-text\"> from Techfugees appoints new Head of Global Community<\/span><\/a><\/p>\n","protected":false},"author":50,"featured_media":13152,"parent":0,"menu_order":0,"comment_status":"closed","ping_status":"closed","template":"","meta":[],"categories":[425,381],"tags":[],"acf":[],"_links":{"self":[{"href":"https:\/\/techfugees.com\/fr\/wp-json\/wp\/v2\/pages\/13151"}],"collection":[{"href":"https:\/\/techfugees.com\/fr\/wp-json\/wp\/v2\/pages"}],"about":[{"href":"https:\/\/techfugees.com\/fr\/wp-json\/wp\/v2\/types\/page"}],"author":[{"embeddable":true,"href":"https:\/\/techfugees.com\/fr\/wp-json\/wp\/v2\/users\/50"}],"replies":[{"embeddable":true,"href":"https:\/\/techfugees.com\/fr\/wp-json\/wp\/v2\/comments?post=13151"}],"version-history":[{"count":0,"href":"https:\/\/techfugees.com\/fr\/wp-json\/wp\/v2\/pages\/13151\/revisions"}],"wp:featuredmedia":[{"embeddable":true,"href":"https:\/\/techfugees.com\/fr\/wp-json\/wp\/v2\/media\/13152"}],"wp:attachment":[{"href":"https:\/\/techfugees.com\/fr\/wp-json\/wp\/v2\/media?parent=13151"}],"wp:term":[{"taxonomy":"category","embeddable":true,"href":"https:\/\/techfugees.com\/fr\/wp-json\/wp\/v2\/categories?post=13151"},{"taxonomy":"post_tag","embeddable":true,"href":"https:\/\/techfugees.com\/fr\/wp-json\/wp\/v2\/tags?post=13151"}],"curies":[{"name":"wp","href":"https:\/\/api.w.org\/{rel}","templated":true}]}}